{"id":37639,"date":"2020-09-27T13:09:09","date_gmt":"2020-09-27T13:09:09","guid":{"rendered":"https:\/\/adrianet.al\/?page_id=37639"},"modified":"2020-09-27T13:09:09","modified_gmt":"2020-09-27T13:09:09","slug":"horoskopi-per-diten-e-hene-28-shtator-2020","status":"publish","type":"page","link":"https:\/\/publialb.al\/horoskopi\/horoskopi-per-diten-e-hene-28-shtator-2020\/","title":{"rendered":"Horoskopi p\u00ebr dit\u00ebn e h\u00ebn\u00eb, 28 shtator 2020"},"content":{"rendered":"<p>Dashi<\/p>\n<p>Dit\u00eb e re, energji t\u00eb reja. Nes\u00ebr dikush do t\u00eb p\u00ebrpiqet t\u2019ju sfidoj\u00eb p\u00ebr m\u00ebnyr\u00ebn si mendoni. Sado kok\u00ebfort\u00eb t\u00eb jen\u00eb t\u00eb tjer\u00ebt, sigurohuni q\u00eb t\u00eb jeni ju ata q\u00eb keni kontrollin e situatave. Dhe mos harroni asnj\u00ebher\u00eb t\u00eb q\u00ebndroni gjithnj\u00eb pozitiv\u00eb.<\/p>\n<p>Demi<\/p>\n<p>Dashuria dhe romanca duhet t\u00eb shkojn\u00eb shum\u00eb mir\u00eb momentalisht. Di\u00e7ka ka shkaktuar dyshim tek ju dhe jeni n\u00eb ankth p\u00ebr t\u00eb zbuluar t\u00eb v\u00ebrtet\u00ebn n\u00eb \u00e7do situat\u00eb. Aseti m\u00eb i madh do t\u00eb jet\u00eb m\u00ebnyra praktike dhe me themel, sesi do t\u2019i p\u00ebrballni gj\u00ebrat.<\/p>\n<p>Binjak\u00ebt<\/p>\n<p>Pavendosm\u00ebria q\u00eb ndjeni sa i p\u00ebrket disa \u00e7\u00ebshtjeve t\u00eb caktuara mund t\u00eb amplifikohet nes\u00ebr. Mund ta gjeni veten duke kaluar nga nj\u00ebri ekstrem n\u00eb tjetrin. Punoni me energji dhe njihni vlerat e t\u00eb dyja situatave, n\u00eb fund gjykoni me zem\u00ebr.<\/p>\n<p>Gaforrja<\/p>\n<p>Nes\u00ebr duhet t\u2019i keni mendimet mjaft t\u00eb qarta dhe fokusi i mpreht\u00eb q\u00eb ju karakterizon do t\u00eb b\u00ebj\u00eb q\u00eb t\u00eb zbuloni t\u00eb v\u00ebrtet\u00ebn n\u00eb \u00e7do situat\u00eb. Mendja mund t\u00eb ngat\u00ebrrohet shum\u00eb shpesh me zemr\u00ebn, por lajmi i mir\u00eb \u00ebsht\u00eb q\u00eb do t\u00eb punojn\u00eb shum\u00eb mir\u00eb me nj\u00ebra-tjetr\u00ebn.<\/p>\n<p>Luani<\/p>\n<p>Mos i lini t\u00eb tjer\u00ebt pas nes\u00ebr, teksa merrni t\u00eb gjith\u00eb vler\u00ebsimin e merituar. B\u00ebjini pjes\u00eb t\u00eb asaj q\u00eb po kaloni, do t\u00eb shihni se her\u00ebn tjet\u00ebr do t\u2019ju ndihmojn\u00eb edhe m\u00eb shum\u00eb. Gjithsecili i di vlerat personale, ashtu sikurse tuajat.<\/p>\n<p>Virgj\u00ebresha<\/p>\n<p>Dashuria dhe romanca do t\u00eb jen\u00eb n\u00eb qend\u00ebr t\u00eb dit\u00ebs s\u00eb nes\u00ebrme. Gj\u00ebrat shkojn\u00eb shum\u00eb mir\u00eb momentalisht. Megjithat\u00eb sot do t\u00eb keni tendenc\u00ebn p\u00ebr t\u00eb zbuluar di\u00e7ka m\u00eb shum\u00eb.<\/p>\n<p>Peshorja<\/p>\n<p>Mund t\u2019ju duhet t\u00eb b\u00ebni nj\u00eb hap prapa nes\u00ebr dhe ta ktheni v\u00ebmendjen tek ajo q\u00eb po ndodh brenda p\u00ebr brenda. Kur vjen puna tek romanca e dashuria mos u nxitoni. Momentalisht durimi \u00ebsht\u00eb gj\u00ebja e duhur. Ata q\u00eb ju rrethojn\u00eb jan\u00eb m\u00eb emocional\u00eb se zakonisht.<\/p>\n<p>Akrepi<\/p>\n<p>Mendja juaj \u00ebsht\u00eb kaq e mpreht\u00eb sa mund t\u00eb analizoj\u00eb edhe detajet m\u00eb t\u00eb vogla. Asgj\u00eb nuk do t\u2019i shp\u00ebtoj\u00eb v\u00ebmendjes tuaj nes\u00ebr. Do t\u00eb jeni n\u00eb kontroll t\u00eb \u00e7do situat\u00eb, e kuptojn\u00eb ose jo t\u00eb tjet\u00ebr. Merrni koh\u00ebn q\u00eb ju duhet dhe b\u00ebni durim, do t\u00eb arrini gj\u00ebra t\u00eb m\u00ebdha.<\/p>\n<p>Shigjetari<\/p>\n<p>Konflikti \u00ebsht\u00eb pjes\u00eb e jet\u00ebs dhe ndon\u00ebse kjo mund t\u2019ju m\u00ebrzis\u00eb shum\u00eb momentalisht, \u00ebsht\u00eb nj\u00eb sfid\u00eb q\u00eb duhet t\u00eb tejkaloni, sidomos n\u00eb aspektin sentimental. Flisni me partnerin dhe zgjidhini situatat me dialog. Do t\u00eb shihni se nuk \u00ebsht\u00eb aq e v\u00ebshtir\u00eb.<\/p>\n<p>Bricjapi<\/p>\n<p>Dashuria \u00ebsht\u00eb n\u00eb an\u00ebn tuaj. Do t\u00eb zbuloni se sa m\u00eb shum\u00eb t\u00eb v\u00ebrtet\u00eb q\u00ebndroni me veten, aq m\u00eb shum\u00eb do t\u00eb mund t\u2019i p\u00ebrkushtoheni tjetrit. Nes\u00ebr shfryt\u00ebzojeni koh\u00ebn p\u00ebr t\u00eb b\u00ebr\u00eb aktivitete t\u00eb ndryshme dhe pse jo p\u00ebr t\u2019u arg\u00ebtuar.<\/p>\n<p>Ujori<\/p>\n<p>T\u00eb ndikuar ndoshta nga ata q\u00eb ju rrethojn\u00eb, nes\u00ebr do t\u2019ju t\u00ebrheq\u00eb v\u00ebmendjen di\u00e7ka q\u00eb deri dje nuk ju kishte b\u00ebr\u00eb aspak p\u00ebrshtypje. Nj\u00eb d\u00ebshir\u00eb e papritur p\u00ebr t\u00eb udh\u00ebtuar mund t\u00eb sjell\u00eb nj\u00eb fundjav\u00eb v\u00ebrtet\u00eb interesante.<\/p>\n<p>Peshqit<\/p>\n<p>Blerjet p\u00ebr n\u00eb sht\u00ebpi mund t\u00eb jet\u00eb nj\u00eb prej planeve p\u00ebr nes\u00ebr. Sensi estetik\u00ebs \u00ebsht\u00eb shum\u00eb i fort\u00eb momentalisht dhe shija e mir\u00eb, n\u00eb periudh\u00ebn m\u00eb t\u00eb mir\u00eb. Gjithsesi, b\u00ebni kujdes me shpenzimet, jo gjith\u00e7ka \u00ebsht\u00eb e nevojshme.<\/p>\n","protected":false},"excerpt":{"rendered":"<p>Dashi Dit\u00eb e re, energji t\u00eb reja. Nes\u00ebr dikush do t\u00eb p\u00ebrpiqet t\u2019ju sfidoj\u00eb p\u00ebr m\u00ebnyr\u00ebn si mendoni. Sado kok\u00ebfort\u00eb t\u00eb jen\u00eb t\u00eb tjer\u00ebt, sigurohuni&#8230;<\/p>\n","protected":false},"author":11,"featured_media":37641,"parent":0,"menu_order":0,"comment_status":"closed","ping_status":"closed","template":"","meta":{"footnotes":""},"class_list":["post-37639","page","type-page","status-publish","has-post-thumbnail","hentry"],"yoast_head":"<!-- This site is optimized with the Yoast SEO plugin v26.8 - https:\/\/yoast.com\/product\/yoast-seo-wordpress\/ -->\n<title>Horoskopi p\u00ebr dit\u00ebn e h\u00ebn\u00eb, 28 shtator 2020 - Horoskopi<\/title>\n<meta name=\"robots\" content=\"index, follow, max-snippet:-1, max-image-preview:large, max-video-preview:-1\" \/>\n<link rel=\"canonical\" href=\"https:\/\/publialb.al\/horoskopi\/horoskopi-per-diten-e-hene-28-shtator-2020\/\" \/>\n<meta property=\"og:locale\" content=\"en_US\" \/>\n<meta property=\"og:type\" content=\"article\" \/>\n<meta property=\"og:title\" content=\"Horoskopi p\u00ebr dit\u00ebn e h\u00ebn\u00eb, 28 shtator 2020 - Horoskopi\" \/>\n<meta property=\"og:description\" content=\"Dashi Dit\u00eb e re, energji t\u00eb reja. Nes\u00ebr dikush do t\u00eb p\u00ebrpiqet t\u2019ju sfidoj\u00eb p\u00ebr m\u00ebnyr\u00ebn si mendoni. Sado kok\u00ebfort\u00eb t\u00eb jen\u00eb t\u00eb tjer\u00ebt, sigurohuni...\" \/>\n<meta property=\"og:url\" content=\"https:\/\/publialb.al\/horoskopi\/horoskopi-per-diten-e-hene-28-shtator-2020\/\" \/>\n<meta property=\"og:site_name\" content=\"Horoskopi\" \/>\n<meta property=\"og:image\" content=\"https:\/\/publialb.al\/horoskopi\/wp-content\/uploads\/2020\/09\/horoskopi-28-shtatr.jpg\" \/>\n\t<meta property=\"og:image:width\" content=\"700\" \/>\n\t<meta property=\"og:image:height\" content=\"398\" \/>\n\t<meta property=\"og:image:type\" content=\"image\/jpeg\" \/>\n<meta name=\"twitter:card\" content=\"summary_large_image\" \/>\n<meta name=\"twitter:label1\" content=\"Est. reading time\" \/>\n\t<meta name=\"twitter:data1\" content=\"3 minutes\" \/>\n<script type=\"application\/ld+json\" class=\"yoast-schema-graph\">{\"@context\":\"https:\/\/schema.org\",\"@graph\":[{\"@type\":\"WebPage\",\"@id\":\"https:\/\/publialb.al\/horoskopi\/horoskopi-per-diten-e-hene-28-shtator-2020\/\",\"url\":\"https:\/\/publialb.al\/horoskopi\/horoskopi-per-diten-e-hene-28-shtator-2020\/\",\"name\":\"Horoskopi p\u00ebr dit\u00ebn e h\u00ebn\u00eb, 28 shtator 2020 - Horoskopi\",\"isPartOf\":{\"@id\":\"https:\/\/publialb.al\/horoskopi\/#website\"},\"primaryImageOfPage\":{\"@id\":\"https:\/\/publialb.al\/horoskopi\/horoskopi-per-diten-e-hene-28-shtator-2020\/#primaryimage\"},\"image\":{\"@id\":\"https:\/\/publialb.al\/horoskopi\/horoskopi-per-diten-e-hene-28-shtator-2020\/#primaryimage\"},\"thumbnailUrl\":\"https:\/\/publialb.al\/horoskopi\/wp-content\/uploads\/2020\/09\/horoskopi-28-shtatr.jpg\",\"datePublished\":\"2020-09-27T13:09:09+00:00\",\"breadcrumb\":{\"@id\":\"https:\/\/publialb.al\/horoskopi\/horoskopi-per-diten-e-hene-28-shtator-2020\/#breadcrumb\"},\"inLanguage\":\"en-US\",\"potentialAction\":[{\"@type\":\"ReadAction\",\"target\":[\"https:\/\/publialb.al\/horoskopi\/horoskopi-per-diten-e-hene-28-shtator-2020\/\"]}]},{\"@type\":\"ImageObject\",\"inLanguage\":\"en-US\",\"@id\":\"https:\/\/publialb.al\/horoskopi\/horoskopi-per-diten-e-hene-28-shtator-2020\/#primaryimage\",\"url\":\"https:\/\/publialb.al\/horoskopi\/wp-content\/uploads\/2020\/09\/horoskopi-28-shtatr.jpg\",\"contentUrl\":\"https:\/\/publialb.al\/horoskopi\/wp-content\/uploads\/2020\/09\/horoskopi-28-shtatr.jpg\",\"width\":700,\"height\":398},{\"@type\":\"BreadcrumbList\",\"@id\":\"https:\/\/publialb.al\/horoskopi\/horoskopi-per-diten-e-hene-28-shtator-2020\/#breadcrumb\",\"itemListElement\":[{\"@type\":\"ListItem\",\"position\":1,\"name\":\"Home\",\"item\":\"https:\/\/publialb.al\/horoskopi\/\"},{\"@type\":\"ListItem\",\"position\":2,\"name\":\"Horoskopi p\u00ebr dit\u00ebn e h\u00ebn\u00eb, 28 shtator 2020\"}]},{\"@type\":\"WebSite\",\"@id\":\"https:\/\/publialb.al\/horoskopi\/#website\",\"url\":\"https:\/\/publialb.al\/horoskopi\/\",\"name\":\"Horoskopi\",\"description\":\"Portali i Te gjithe Shqiptareve\",\"publisher\":{\"@id\":\"https:\/\/publialb.al\/horoskopi\/#organization\"},\"potentialAction\":[{\"@type\":\"SearchAction\",\"target\":{\"@type\":\"EntryPoint\",\"urlTemplate\":\"https:\/\/publialb.al\/horoskopi\/?s={search_term_string}\"},\"query-input\":{\"@type\":\"PropertyValueSpecification\",\"valueRequired\":true,\"valueName\":\"search_term_string\"}}],\"inLanguage\":\"en-US\"},{\"@type\":\"Organization\",\"@id\":\"https:\/\/publialb.al\/horoskopi\/#organization\",\"name\":\"Horoskopi\",\"url\":\"https:\/\/publialb.al\/horoskopi\/\",\"logo\":{\"@type\":\"ImageObject\",\"inLanguage\":\"en-US\",\"@id\":\"https:\/\/publialb.al\/horoskopi\/#\/schema\/logo\/image\/\",\"url\":\"https:\/\/publialb.al\/horoskopi\/wp-content\/uploads\/2024\/02\/cropped-publialb-al-logo-web.png\",\"contentUrl\":\"https:\/\/publialb.al\/horoskopi\/wp-content\/uploads\/2024\/02\/cropped-publialb-al-logo-web.png\",\"width\":230,\"height\":55,\"caption\":\"Horoskopi\"},\"image\":{\"@id\":\"https:\/\/publialb.al\/horoskopi\/#\/schema\/logo\/image\/\"}}]}<\/script>\n<!-- \/ Yoast SEO plugin. -->","yoast_head_json":{"title":"Horoskopi p\u00ebr dit\u00ebn e h\u00ebn\u00eb, 28 shtator 2020 - Horoskopi","robots":{"index":"index","follow":"follow","max-snippet":"max-snippet:-1","max-image-preview":"max-image-preview:large","max-video-preview":"max-video-preview:-1"},"canonical":"https:\/\/publialb.al\/horoskopi\/horoskopi-per-diten-e-hene-28-shtator-2020\/","og_locale":"en_US","og_type":"article","og_title":"Horoskopi p\u00ebr dit\u00ebn e h\u00ebn\u00eb, 28 shtator 2020 - Horoskopi","og_description":"Dashi Dit\u00eb e re, energji t\u00eb reja. Nes\u00ebr dikush do t\u00eb p\u00ebrpiqet t\u2019ju sfidoj\u00eb p\u00ebr m\u00ebnyr\u00ebn si mendoni. Sado kok\u00ebfort\u00eb t\u00eb jen\u00eb t\u00eb tjer\u00ebt, sigurohuni...","og_url":"https:\/\/publialb.al\/horoskopi\/horoskopi-per-diten-e-hene-28-shtator-2020\/","og_site_name":"Horoskopi","og_image":[{"width":700,"height":398,"url":"https:\/\/publialb.al\/horoskopi\/wp-content\/uploads\/2020\/09\/horoskopi-28-shtatr.jpg","type":"image\/jpeg"}],"twitter_card":"summary_large_image","twitter_misc":{"Est. reading time":"3 minutes"},"schema":{"@context":"https:\/\/schema.org","@graph":[{"@type":"WebPage","@id":"https:\/\/publialb.al\/horoskopi\/horoskopi-per-diten-e-hene-28-shtator-2020\/","url":"https:\/\/publialb.al\/horoskopi\/horoskopi-per-diten-e-hene-28-shtator-2020\/","name":"Horoskopi p\u00ebr dit\u00ebn e h\u00ebn\u00eb, 28 shtator 2020 - Horoskopi","isPartOf":{"@id":"https:\/\/publialb.al\/horoskopi\/#website"},"primaryImageOfPage":{"@id":"https:\/\/publialb.al\/horoskopi\/horoskopi-per-diten-e-hene-28-shtator-2020\/#primaryimage"},"image":{"@id":"https:\/\/publialb.al\/horoskopi\/horoskopi-per-diten-e-hene-28-shtator-2020\/#primaryimage"},"thumbnailUrl":"https:\/\/publialb.al\/horoskopi\/wp-content\/uploads\/2020\/09\/horoskopi-28-shtatr.jpg","datePublished":"2020-09-27T13:09:09+00:00","breadcrumb":{"@id":"https:\/\/publialb.al\/horoskopi\/horoskopi-per-diten-e-hene-28-shtator-2020\/#breadcrumb"},"inLanguage":"en-US","potentialAction":[{"@type":"ReadAction","target":["https:\/\/publialb.al\/horoskopi\/horoskopi-per-diten-e-hene-28-shtator-2020\/"]}]},{"@type":"ImageObject","inLanguage":"en-US","@id":"https:\/\/publialb.al\/horoskopi\/horoskopi-per-diten-e-hene-28-shtator-2020\/#primaryimage","url":"https:\/\/publialb.al\/horoskopi\/wp-content\/uploads\/2020\/09\/horoskopi-28-shtatr.jpg","contentUrl":"https:\/\/publialb.al\/horoskopi\/wp-content\/uploads\/2020\/09\/horoskopi-28-shtatr.jpg","width":700,"height":398},{"@type":"BreadcrumbList","@id":"https:\/\/publialb.al\/horoskopi\/horoskopi-per-diten-e-hene-28-shtator-2020\/#breadcrumb","itemListElement":[{"@type":"ListItem","position":1,"name":"Home","item":"https:\/\/publialb.al\/horoskopi\/"},{"@type":"ListItem","position":2,"name":"Horoskopi p\u00ebr dit\u00ebn e h\u00ebn\u00eb, 28 shtator 2020"}]},{"@type":"WebSite","@id":"https:\/\/publialb.al\/horoskopi\/#website","url":"https:\/\/publialb.al\/horoskopi\/","name":"Horoskopi","description":"Portali i Te gjithe Shqiptareve","publisher":{"@id":"https:\/\/publialb.al\/horoskopi\/#organization"},"potentialAction":[{"@type":"SearchAction","target":{"@type":"EntryPoint","urlTemplate":"https:\/\/publialb.al\/horoskopi\/?s={search_term_string}"},"query-input":{"@type":"PropertyValueSpecification","valueRequired":true,"valueName":"search_term_string"}}],"inLanguage":"en-US"},{"@type":"Organization","@id":"https:\/\/publialb.al\/horoskopi\/#organization","name":"Horoskopi","url":"https:\/\/publialb.al\/horoskopi\/","logo":{"@type":"ImageObject","inLanguage":"en-US","@id":"https:\/\/publialb.al\/horoskopi\/#\/schema\/logo\/image\/","url":"https:\/\/publialb.al\/horoskopi\/wp-content\/uploads\/2024\/02\/cropped-publialb-al-logo-web.png","contentUrl":"https:\/\/publialb.al\/horoskopi\/wp-content\/uploads\/2024\/02\/cropped-publialb-al-logo-web.png","width":230,"height":55,"caption":"Horoskopi"},"image":{"@id":"https:\/\/publialb.al\/horoskopi\/#\/schema\/logo\/image\/"}}]}},"_links":{"self":[{"href":"https:\/\/publialb.al\/horoskopi\/wp-json\/wp\/v2\/pages\/37639","targetHints":{"allow":["GET"]}}],"collection":[{"href":"https:\/\/publialb.al\/horoskopi\/wp-json\/wp\/v2\/pages"}],"about":[{"href":"https:\/\/publialb.al\/horoskopi\/wp-json\/wp\/v2\/types\/page"}],"author":[{"embeddable":true,"href":"https:\/\/publialb.al\/horoskopi\/wp-json\/wp\/v2\/users\/11"}],"replies":[{"embeddable":true,"href":"https:\/\/publialb.al\/horoskopi\/wp-json\/wp\/v2\/comments?post=37639"}],"version-history":[{"count":1,"href":"https:\/\/publialb.al\/horoskopi\/wp-json\/wp\/v2\/pages\/37639\/revisions"}],"predecessor-version":[{"id":37643,"href":"https:\/\/publialb.al\/horoskopi\/wp-json\/wp\/v2\/pages\/37639\/revisions\/37643"}],"wp:featuredmedia":[{"embeddable":true,"href":"https:\/\/publialb.al\/horoskopi\/wp-json\/wp\/v2\/media\/37641"}],"wp:attachment":[{"href":"https:\/\/publialb.al\/horoskopi\/wp-json\/wp\/v2\/media?parent=37639"}],"curies":[{"name":"wp","href":"https:\/\/api.w.org\/{rel}","templated":true}]}}